{"id":22,"date":"2021-03-03T11:36:40","date_gmt":"2021-03-03T10:36:40","guid":{"rendered":"https:\/\/treatubetter.com\/?page_id=22"},"modified":"2026-02-18T10:36:48","modified_gmt":"2026-02-18T09:36:48","slug":"impressum","status":"publish","type":"page","link":"https:\/\/treatubetter.com\/en\/impressum\/","title":{"rendered":"Impressum"},"content":{"rendered":"<div data-elementor-type=\"wp-page\" data-elementor-id=\"22\" class=\"elementor elementor-22\" data-elementor-post-type=\"page\">\n\t\t\t\t\t\t<section class=\"elementor-section elementor-top-section elementor-element elementor-element-9ee31a3 elementor-section-boxed elementor-section-height-default elementor-section-height-default\" data-id=\"9ee31a3\" data-element_type=\"section\" data-e-type=\"section\">\n\t\t\t\t\t\t<div class=\"elementor-container elementor-column-gap-default\">\n\t\t\t\t\t<div class=\"elementor-column elementor-col-100 elementor-top-column elementor-element elementor-element-bf9d9c0\" data-id=\"bf9d9c0\" data-element_type=\"column\" data-e-type=\"column\">\n\t\t\t<div class=\"elementor-widget-wrap elementor-element-populated\">\n\t\t\t\t\t\t<div class=\"elementor-element elementor-element-69e5c29 elementor-widget elementor-widget-text-editor\" data-id=\"69e5c29\" data-element_type=\"widget\" data-e-type=\"widget\" data-widget_type=\"text-editor.default\">\n\t\t\t\t<div class=\"elementor-widget-container\">\n\t\t\t\t\t\t\t\t\t<h1>Impressum<\/h1>\n<p>treat Coaching &amp; Training<br>Charlottenstra\u00dfe 33<br>220257 Hamburg<\/p>\n<p><span style=\"text-decoration: underline;\">Haftung f\u00fcr Links<\/span><\/p>\n<p>Unser Angebot enth\u00e4lt Links zu externen Webseiten Dritter, auf deren Inhalte wir keinen Einfluss haben. Deshalb k\u00f6nnen wir f\u00fcr diese fremden Inhalte auch keine Gew\u00e4hr \u00fcbernehmen. F\u00fcr die Inhalte der verlinkten Seiten ist stets der jeweilige Anbieter oder Betreiber der Seiten verantwortlich. Die verlinkten Seiten wurden zum Zeitpunkt der Verlinkung auf m\u00f6gliche Rechtsverst\u00f6\u00dfe \u00fcberpr\u00fcft. Rechtswidrige Inhalte waren zum Zeitpunkt der Verlinkung nicht erkennbar. Eine permanente inhaltliche Kontrolle der verlinkten Seiten ist jedoch ohne konkrete Anhaltspunkte einer Rechtsverletzung nicht zumutbar. Bei Bekanntwerden von Rechtsverletzungen werden wir derartige Links umgehend entfernen.<\/p>\n<p><span style=\"text-decoration: underline;\">Urheberrecht<\/span><\/p>\n<p>Die durch die Seitenbetreiber erstellten Inhalte und Werke auf diesen Seiten unterliegen dem deutschen Urheberrecht. Die Vervielf\u00e4ltigung, Bearbeitung, Verbreitung und jede Art der Verwertung au\u00dferhalb der Grenzen des Urheberrechtes bed\u00fcrfen der schriftlichen Zustimmung des jeweiligen Autors bzw. Erstellers. Downloads und Kopien dieser Seite sind nur f\u00fcr den privaten, nicht kommerziellen Gebrauch gestattet. Soweit die Inhalte auf dieser Seite nicht vom Betreiber erstellt wurden, werden die Urheberrechte Dritter beachtet. Insbesondere werden Inhalte Dritter als solche gekennzeichnet. Sollten Sie trotzdem auf eine Urheberrechtsverletzung aufmerksam werden, bitten wir um einen entsprechenden Hinweis. Bei Bekanntwerden von Rechtsverletzungen werden wir derartige Inhalte umgehend entfernen.<\/p>\n<p><span style=\"text-decoration: underline;\">Bildquellen<\/span><\/p>\n<ul>\n<li>Dunkelhaariger Mann steht vor Gruppe und pr\u00e4sentiert: https:\/\/www.pexels.com\/de-de\/foto\/mann-im-anzug-jacke-neben-projektor-bildschirm-stehen-2173508\/<\/li>\n<li>Dunkelhaarige Frau mit Brille pr\u00e4sentiert an Whiteboard: https:\/\/www.pexels.com\/de-de\/foto\/frau-die-auf-whiteboard-zeigt-3727511\/<\/li>\n<li>Frau mit Brille l\u00e4chelt in Kamera mit Laptop vor sich: https:\/\/www.pexels.com\/de-de\/foto\/gluckliche-ethnische-frau-die-am-tisch-mit-laptop-sitzt-3769021\/<\/li>\n<li>Team an Meetingtisch, zwei geben sich die Hand: https:\/\/www.pexels.com\/de-de\/foto\/foto-von-leuten-die-handshakes-tun-3183197\/<\/li>\n<li>Team legt H\u00e4nde aufeinander: https:\/\/www.pexels.com\/de-de\/foto\/foto-von-menschen-in-der-nahe-von-holztisch-3184418\/<\/li>\n<li>Team am Tisch, eine Frau steht und gibt Mann die Hand: https:\/\/www.pexels.com\/de-de\/foto\/gruppe-von-menschen-die-drinnen-sitzen-3184291\/<\/li>\n<li>Team steht, Blick von oben, alle l\u00e4gen H\u00e4nde aufeinander: https:\/\/www.pexels.com\/de-de\/foto\/foto-von-leuten-die-einander-die-hande-halten-3184423\/<\/li>\n<li>Weibliche Coach und m\u00e4nnlicher Coachee in Sesseln: https:\/\/www.pexels.com\/de-de\/foto\/mann-menschen-frau-buro-5336951\/<\/li>\n<li>Team bespricht Statistiken zwei Mitglieder im Fokus: https:\/\/www.pexels.com\/de-de\/foto\/draufsicht-auf-personen-beim-treffen-3184287\/<\/li>\n<li>Frau verzweifelt vor Laptop: https:\/\/www.pexels.com\/de-de\/foto\/junge-unruhige-frau-die-laptop-zu-hause-benutzt-3755755\/<\/li>\n<li>Statistiken und Handy im Fokus : https:\/\/www.pexels.com\/de-de\/foto\/foto-der-person-die-handy-halt-3183153\/<\/li>\n<li>Frau telefoniert vor iMac: https:\/\/www.pexels.com\/de-de\/foto\/frau-smartphone-schreibtisch-notizbuch-4491469\/<\/li>\n<li>Vier Frauen im Zoom Call, \u00fcber Schulter fotografiert: https:\/\/www.pexels.com\/de-de\/foto\/hande-menschen-frau-laptop-4226122\/<\/li>\n<li>Frau sitzt an Tisch und winkt in Kamera, sitzt im Rollstuhl: https:\/\/www.pexels.com\/de-de\/foto\/frau-kaffee-laptop-arbeiten-4064696\/<\/li>\n<li>Frau h\u00e4lt Macbook im Arm und schaut direkt in die Kamera, Portrait: https:\/\/www.pexels.com\/de-de\/foto\/frau-laptop-technologie-computer-4347368\/<\/li>\n<li>Vordergrund mit Frau mit verschr\u00e4nkten Armen im Fokus, im Hintergrund Team: https:\/\/www.pexels.com\/de-de\/foto\/foto-der-frau-die-brillen-tragt-3184405\/<\/li>\n<li>Team bespricht Thema an Pinnwand mit Postits dran: https:\/\/www.pexels.com\/de-de\/foto\/zwei-frauen-die-neben-brown-board-an-der-wand-stehen-3184296\/<\/li>\n<li>Weibliche Coach h\u00f6rt m\u00e4nnlichem Coachee aufmerksam zu, beide in tiefen Sesseln: https:\/\/www.pexels.com\/de-de\/foto\/mann-paar-menschen-buro-4101143\/<\/li>\n<li>Mann mit Brille schaut direkt in die Kamera, sitzt am Laptop: https:\/\/www.pexels.com\/de-de\/foto\/foto-des-mannes-der-brillen-tragt-3184611\/<\/li>\n<li>Frau sitzt vor Laptop notiert sich was und l\u00e4chelt dabei: https:\/\/www.pexels.com\/de-de\/foto\/frau-kaffee-tasse-schreibtisch-4474047\/<\/li>\n<li>Frau mit Brille sitzt an Tisch und l\u00e4chelt in die Kamera, Rullstuhlfahrerin: https:\/\/www.pexels.com\/de-de\/foto\/lebensmittel-frau-kaffee-laptop-4063616\/<\/li>\n<li>Team an Tisch, zwei Frauen ein Mann, Mann im Rollstuhl: https:\/\/www.pexels.com\/de-de\/foto\/frau-im-weissen-langarmhemd-sitzt-neben-frau-im-weissen-langarmhemd-6248975\/<\/li>\n<li>Frau und Mann am Flipchart, er im Rollstuhl, sie steht: https:\/\/www.pexels.com\/de-de\/foto\/geschaftsmann-mann-person-menschen-6592651\/<\/li>\n<li>Mann steht vor Gruppe und pr\u00e4sentiert vor wei\u00dfer Wand, Blick abgewandt: https:\/\/www.pexels.com\/de-de\/foto\/mann-im-beige-blazer-der-tablet-computer-halt-3184328\/<\/li>\n<li>Drei Frauen laufen auf die Kamera zu und unterhalten sich dabei, Blicke zueinander gewandt: https:\/\/www.pexels.com\/de-de\/foto\/frau-im-blauen-kleid-neben-frau-im-weissen-blazer-6457562\/<\/li>\n<\/ul>\n<p><span style=\"text-decoration: underline;\">Videoquellen<\/span><\/p>\n<ul>\n<li>Team H\u00e4nde zusammen: https:\/\/www.pexels.com\/de-de\/video\/gruppe-von-menschen-die-spass-als-team-haben-3252991\/<\/li>\n<li>Demo und H\u00e4ndesch\u00fctteln: https:\/\/www.pexels.com\/de-de\/video\/frau-bespricht-einen-plan-wahrend-andere-zustimmen-3250232\/<\/li>\n<li>Frau in Rollstuhl: https:\/\/www.pexels.com\/de-de\/video\/laptop-geschaft-portrat-glucklich-4116381\/<\/li>\n<li>Team High Five: https:\/\/www.pexels.com\/de-de\/video\/mann-menschen-buro-arbeiten-6774777\/<\/li>\n<li>Zwei reden mit Laptops: https:\/\/www.pexels.com\/de-de\/video\/mann-frau-laptop-buro-6877953\/<\/li>\n<li>Close Up Gesicht Frau: https:\/\/www.pexels.com\/de-de\/video\/fashion-person-frau-gesicht-6883828\/<\/li>\n<li>Mann mit Brille lacht: https:\/\/www.pexels.com\/de-de\/video\/geschaftsmann-mann-kreativ-buro-6194051\/<\/li>\n<li>Team schaut Statistik an: https:\/\/www.pexels.com\/de-de\/video\/geschaftsmann-mann-menschen-frau-6563877\/<\/li>\n<li>Team schaut Statistik an und lacht: https:\/\/www.pexels.com\/de-de\/video\/geschaftsmann-mann-menschen-frau-6563898\/<\/li>\n<\/ul>\t\t\t\t\t\t\t\t<\/div>\n\t\t\t\t<\/div>\n\t\t\t\t\t<\/div>\n\t\t<\/div>\n\t\t\t\t\t<\/div>\n\t\t<\/section>\n\t\t\t\t<\/div>","protected":false},"excerpt":{"rendered":"<p>Impressum treat Coaching &amp; TrainingCharlottenstra\u00dfe 33220257 Hamburg Haftung f\u00fcr Links Unser Angebot enth\u00e4lt Links zu externen Webseiten Dritter, auf deren Inhalte wir keinen Einfluss haben. Deshalb k\u00f6nnen wir f\u00fcr diese fremden Inhalte auch keine Gew\u00e4hr \u00fcbernehmen. F\u00fcr die Inhalte der verlinkten Seiten ist stets der jeweilige Anbieter oder Betreiber der Seiten verantwortlich. Die verlinkten Seiten &hellip;<\/p>\n<p class=\"read-more\"> <a class=\"\" href=\"https:\/\/treatubetter.com\/en\/impressum\/\"> <span class=\"screen-reader-text\">Impressum<\/span> Read More \u00bb<\/a><\/p>","protected":false},"author":1,"featured_media":0,"parent":0,"menu_order":0,"comment_status":"closed","ping_status":"closed","template":"elementor_header_footer","meta":{"site-sidebar-layout":"no-sidebar","site-content-layout":"page-builder","ast-main-header-display":"","ast-hfb-above-header-display":"","ast-hfb-below-header-display":"","ast-hfb-mobile-header-display":"","site-post-title":"disabled","ast-breadcrumbs-content":"","ast-featured-img":"disabled","footer-sml-layout":"","theme-transparent-header-meta":"default","adv-header-id-meta":"","stick-header-meta":"default","header-above-stick-meta":"","header-main-stick-meta":"","header-below-stick-meta":"","footnotes":""},"class_list":["post-22","page","type-page","status-publish","hentry"],"_links":{"self":[{"href":"https:\/\/treatubetter.com\/en\/wp-json\/wp\/v2\/pages\/22","targetHints":{"allow":["GET"]}}],"collection":[{"href":"https:\/\/treatubetter.com\/en\/wp-json\/wp\/v2\/pages"}],"about":[{"href":"https:\/\/treatubetter.com\/en\/wp-json\/wp\/v2\/types\/page"}],"author":[{"embeddable":true,"href":"https:\/\/treatubetter.com\/en\/wp-json\/wp\/v2\/users\/1"}],"replies":[{"embeddable":true,"href":"https:\/\/treatubetter.com\/en\/wp-json\/wp\/v2\/comments?post=22"}],"version-history":[{"count":43,"href":"https:\/\/treatubetter.com\/en\/wp-json\/wp\/v2\/pages\/22\/revisions"}],"predecessor-version":[{"id":3470,"href":"https:\/\/treatubetter.com\/en\/wp-json\/wp\/v2\/pages\/22\/revisions\/3470"}],"wp:attachment":[{"href":"https:\/\/treatubetter.com\/en\/wp-json\/wp\/v2\/media?parent=22"}],"curies":[{"name":"wp","href":"https:\/\/api.w.org\/{rel}","templated":true}]}}