{"id":2725,"date":"2022-04-22T13:19:43","date_gmt":"2022-04-22T11:19:43","guid":{"rendered":"https:\/\/treatubetter.com\/?page_id=2725"},"modified":"2023-10-09T16:35:16","modified_gmt":"2023-10-09T14:35:16","slug":"agb","status":"publish","type":"page","link":"https:\/\/treatubetter.com\/en\/agb\/","title":{"rendered":"terms and conditions"},"content":{"rendered":"<div data-elementor-type=\"wp-page\" data-elementor-id=\"2725\" class=\"elementor elementor-2725\" data-elementor-post-type=\"page\">\n\t\t\t\t\t\t<section class=\"elementor-section elementor-top-section elementor-element elementor-element-3847a83b elementor-section-boxed elementor-section-height-default elementor-section-height-default\" data-id=\"3847a83b\" data-element_type=\"section\" data-e-type=\"section\">\n\t\t\t\t\t\t<div class=\"elementor-container elementor-column-gap-default\">\n\t\t\t\t\t<div class=\"elementor-column elementor-col-100 elementor-top-column elementor-element elementor-element-5b9ed125\" data-id=\"5b9ed125\" data-element_type=\"column\" data-e-type=\"column\">\n\t\t\t<div class=\"elementor-widget-wrap elementor-element-populated\">\n\t\t\t\t\t\t<div class=\"elementor-element elementor-element-72ae6349 elementor-widget elementor-widget-text-editor\" data-id=\"72ae6349\" data-element_type=\"widget\" data-e-type=\"widget\" data-widget_type=\"text-editor.default\">\n\t\t\t\t<div class=\"elementor-widget-container\">\n\t\t\t\t\t\t\t\t\t<h1><strong>Allgemeine Gesch\u00e4ftsbedingungen<\/strong><\/h1>\n<p style=\"font-weight: 400;\"><span style=\"text-decoration: underline;\"><br>I. Gegenstand und Geltungsbereich<\/span><\/p>\n<p style=\"font-weight: 400;\">Die nachfolgenden Allgemeinen Gesch\u00e4ftsbedingungen (AGB) finden auf s\u00e4mtliche Coaching-, Trainings-, Workshop- und Beratungsvertr\u00e4ge sowie sonstige Dienstleistungen von der Marke treat Anwendung. Diese AGB sind Bestandteil jedes abgeschlossenen Vertrages, soweit nicht im Einzelnen Abweichendes vereinbart ist. Sie gelten auch f\u00fcr die zuk\u00fcnftigen Gesch\u00e4ftsbeziehungen mit den Kund:innen, ohne dass ihre erneute ausdr\u00fcckliche Einbeziehung erforderlich ist. Abweichende Gesch\u00e4ftsbedingungen der Kund:innen sowie \u00c4nderungen und Erg\u00e4nzungen dieser AGB haben nur G\u00fcltigkeit, soweit sie von der Marke treat schriftlich anerkannt sind. Dies gilt auch, wenn den Gesch\u00e4fts- und\/oder Lieferungsbedingungen der Kund:innen ausdr\u00fccklich widersprochen worden ist.<\/p>\n<p style=\"font-weight: 400;\"><span style=\"text-decoration: underline;\">II. Inhalt des Auftrags <\/span><\/p>\n<p style=\"font-weight: 400;\">Die Aufgabenstellung, die Vorgehensweise und die Art der zu liefernden Arbeitsunterlagen bzw. Trainingsinhalte werden in den schriftlichen Vereinbarungen der Vertragsparteien geregelt. Die Marke treat kann sich zur Erf\u00fcllung ihrer Pflichten sachverst\u00e4ndiger Dritter bedienen.<\/p>\n<p style=\"font-weight: 400;\"><u>III. Anmeldung zu Trainingsangeboten<\/u><\/p>\n<p style=\"font-weight: 400;\">Anmeldungen sollten fr\u00fchzeitig schriftlich, idealerweise per Email, an die Marke treat gerichtet werden, damit diese ber\u00fccksichtigt werden k\u00f6nnen.<\/p>\n<p style=\"font-weight: 400;\">Die Angebote der treat Coaching &amp; Training sind, soweit sie nicht ausdr\u00fccklich als verbindlich gekennzeichnet sind, freibleibend. Sie stellen kein Angebot im rechtlichen Sinne dar, sondern lediglich Aufforderungen an den Teilnehmer zur Anmeldung. Ein Vertrag kommt \u2013 auch im laufenden Gesch\u00e4ftsverkehr \u2013 erst nach Auftragsbest\u00e4tigung und Best\u00e4tigung der Anmeldung (schriftlich oder in Textform, im Allgemeinen per E-Mail) durch treat zustande.<\/p>\n<p style=\"font-weight: 400;\"><span style=\"text-decoration: underline;\">IV. Teilnahme an Trainings und Veranstaltungen der Marke treat<\/span><\/p>\n<p style=\"font-weight: 400;\">Die Trainings und Veranstaltungen der Marke treat stehen grunds\u00e4tzlich jeden Interessierten offen. Die Teilnahme setzt eine normale psychische und physische Belastbarkeit voraus. Die Ausbildung dient der professionellen Fort- und Weiterbildung. Sie stellt weder eine Form der Therapie noch eine Berufsausbildung dar.<\/p>\n<p style=\"font-weight: 400;\">Ein Anspruch auf Teilnahme an den einzelnen Veranstaltungen mit begrenzter Teilnehmerzahl besteht nur nach schriftlicher Auftragsbest\u00e4tigung durch die treat.<\/p>\n<p style=\"font-weight: 400;\">Die Marke treat beh\u00e4lt sich vor, im Einzelfall Teilnehmenden die weitere Teilnahme an der Fortbildung zu verwehren, wenn sich dies aus Sicht der Fortbildungsleitung w\u00e4hrend der Fortbildung \u2013 auch unter angemessener Ber\u00fccksichtigung der Interessen der Teilnehmenden \u2013 als zwingend erforderlich herausstellt (z.B. aufgrund einer fachlichen oder pers\u00f6nlichen Nichteignung der teilnehmenden Person). Bereits bezahlte Seminargeb\u00fchren f\u00fcr nicht besuchte Fortbildungsteile werden nur in diesem Fall zur\u00fcckerstattet. Anteilige Seminargeb\u00fchren f\u00fcr bereits besuchte Seminarteile werden nicht r\u00fcckerstattet.<\/p>\n<p style=\"font-weight: 400;\"><span style=\"text-decoration: underline;\">V. Teilnahmegeb\u00fchr und Zahlungsbedingungen<\/span><\/p>\n<p style=\"font-weight: 400;\">Die Teilnahmegeb\u00fchr ist zuz\u00fcglich der gesetzlichen Mehrwertsteuer und versteht sich je Teilnehmende und Veranstaltung, wenn nicht ausdr\u00fccklich anders ausgewiesen. Die Teilnahmegeb\u00fchr beinhaltet neben der Teilnahme an der jeweiligen Schulung oder Veranstaltung, die in dem verbindlichen Anmeldungsformular angegeben Leistungen. Wenn nicht anders angegeben, enth\u00e4lt sie auch die Tagungsgetr\u00e4nke (Kaffee\/Tee, Wasser) und leichte Snacks (Obst, Kekse) w\u00e4hrend der Seminarpausen.<br>Die Teilnahmegeb\u00fchr wird mit Erhalt der Rechnung ohne jeden Abzug binnen 10 Tagen zur Zahlung f\u00e4llig. Ratenzahlungen sind nicht m\u00f6glich.<\/p>\n<p style=\"font-weight: 400;\"><span style=\"text-decoration: underline;\">VI. Sonderfall EBAF Training<\/span><\/p>\n<p style=\"font-weight: 400;\">Das EBAF Training besteht aus 6 ineinander aufbauenden Modulveranstaltungen, Peer Group Arbeit und Einzelsitzungen (Coaching, Fortschrittsgespr\u00e4che). Diese sind als eine Leistung zu sehen, die als Ganzes gebucht wird. Die teilnehmenden Personen verpflichten sich zur Teilnahme an allen aufgef\u00fchrten Leistungen. Nach Beginn des ersten Moduls ist eine Stornierung nicht mehr m\u00f6glich. Die Stellung von einer Ersatzperson ist dann ausgeschlossen.<\/p>\n<p style=\"font-weight: 400;\">Vor Beginn des ersten Moduls ist eine Stornierung m\u00f6glich. Diese muss schriftlich erfolgen. &nbsp;Bei einer Stornierung bis drei Wochen vor Beginn des ersten Moduls werden 50% der Teilnahmegeb\u00fchr f\u00e4llig. Danach werden 100% der Teilnahmegeb\u00fchr f\u00e4llig. In bestimmten F\u00e4llen &#8211; und nur bevor das erste Modul beginnt &#8211; kann eine geeignete Ersatzperson gestellt werden. Die Entscheidung \u00fcber die Akzeptanz eines Ersatzkandidaten oder einer Kandidatin obliegt allein der Marke treat, die ihre Zustimmung unter angemessener Ber\u00fccksichtigung der Interessen der Teilnehmenden verweigern darf, wenn hierf\u00fcr berechtigte Gr\u00fcnde vorliegen.<\/p>\n<p style=\"font-weight: 400;\">Kann ein:e Teilnehmer:in nach Beginn der Ausbildung an einem oder mehreren Trainingsbausteinen aus wichtigen Gr\u00fcnden nicht teilnehmen, hat sie bzw. er die M\u00f6glichkeit, diese nach Absprache mit den Lehr-Coaches und vorbehaltlich der Verf\u00fcgbarkeit von Pl\u00e4tzen in sp\u00e4teren Trainingsg\u00e4ngen nachzuholen. Eine R\u00fcckerstattung bereits gezahlter Teilnahmegeb\u00fchren ist nicht m\u00f6glich.<\/p>\n<p style=\"font-weight: 400;\">Die Veranstaltungen werden entsprechend dem ver\u00f6ffentlichten Seminarprogramm durchgef\u00fchrt. Die Marke treat beh\u00e4lt sich den Wechsel von Referenten und\/oder eine Verlegung bzw. angemessene \u00c4nderung im Programmablauf vor, sofern dies unter Ber\u00fccksichtigung der Interessen der Teilnehmer angemessen ist (\u00a7 315 BGB) und das Veranstaltungsziel nicht grundlegend ver\u00e4ndert.<\/p>\n<p style=\"font-weight: 400;\">F\u00fcr die Korrektheit, Aktualit\u00e4t und Vollst\u00e4ndigkeit der Trainingsinhalte, der ausgegebenen Unterlagen sowie die Erreichung des jeweils von der Teilnehmenden angestrebten Lernziels \u00fcbernimmt die Marke treat keine Haftung. Ebenso haftet die Marke treat nicht f\u00fcr etwaige Folgesch\u00e4den, welche aus fehlerhaften und\/oder unvollst\u00e4ndigen Seminarinhalten entstehen sollten.<\/p>\n<p style=\"font-weight: 400;\">Muss eine Veranstaltung aus Gr\u00fcnden, welche die Marke treat zu vertreten hat (z.B. wegen Erkrankung der Lehr-Coaches oder aufgrund zu geringer Teilnehmendenzahl (mindestens 8) ausfallen, werden die Teilnehmenden unverz\u00fcglich informiert. Ein Ersatztermin wird angeboten, den die Teilnehmenden mit angemessenem Aufwand wahrnehmen k\u00f6nnen. Eine auch nur teilweise Erstattung von Aufwendung der Teilnehmenden oder weitergehende Anspr\u00fcche sind ausgeschlossen.<\/p>\n<p style=\"font-weight: 400;\">Diese unter VI aufgef\u00fchrten Bedingungen sind als Erg\u00e4nzung zu den Ausf\u00fchrungen der anderen Paragraphen dieser AGB zu verstehen.<\/p>\n<p style=\"font-weight: 400;\"><u>VII. Urheber- und Nutzungsrechte, Eigentum<\/u><\/p>\n<p style=\"font-weight: 400;\">S\u00e4mtliche von der Marke treat angefertigten Entw\u00fcrfe, Konzepte, Ideen, Werke und Trainingsunterlagen sind urheberrechtlich gesch\u00fctzte Werke i.S.d. \u00a7 2 UrhG, und zwar selbst dann, wenn diese nicht die Erfordernisse des \u00a7 2 UrhG erf\u00fcllen.<br>Sie dienen ausschlie\u00dflich zur pers\u00f6nlichen Nutzung.<\/p>\n<p style=\"font-weight: 400;\">S\u00e4mtliche Leistungen der Marke treat d\u00fcrfen deshalb nicht ohne Zustimmung der Marke treat \u00fcber den Vertragszweck hinaus genutzt oder bearbeitet werden. Im Falle einer Rechte\u00fcbertragung richtet sich deren Umfang in r\u00e4umlicher, zeitlicher und inhaltlicher Hinsicht ausschlie\u00dflich nach den vertraglichen Vereinbarungen bzw. dem Vertragszweck; \u00a7 31 Abs. 5 UrhG findet entsprechende Anwendung. Die Rechte gehen erst mit vollst\u00e4ndiger Zahlung des Gesamtauftrages auf die Auftraggeber:innen \u00fcber. Das Eigentum an den Arbeitsergebnissen der Marke treat geht erst mit vollst\u00e4ndiger Bezahlung des Auftrages auf die Auftraggeber:innen \u00fcber.<\/p>\n<p style=\"font-weight: 400;\"><u>VIII. Konkurrenzausschluss; Geheimhaltung<\/u><\/p>\n<p style=\"font-weight: 400;\">Die Marke treat verpflichtet sich, die Auftraggeber:in \u00fcber m\u00f6gliche Konkurrenzkonflikte mit anderen Unternehmen zu informieren und gew\u00e4hrt auf Verlangen Konkurrenzausschluss f\u00fcr im Einzelnen festzulegende Produkt- und Dienstleistungsbereiche zu Gunsten der Marke treat. Die Marke treat verpflichtet sich zum Stillschweigen \u00fcber s\u00e4mtliche vertrauliche Tatsachen, die ihr im Rahmen der Ausf\u00fchrung des Vertrages bekannt geworden sind. Die Auftraggeber:in steht daf\u00fcr ein, dass alles unterlassen wird, was die Unabh\u00e4ngigkeit der Mitarbeiter:innen der Marke treat gef\u00e4hrden k\u00f6nnte. Die Kund:in verpflichtet sich deshalb, w\u00e4hrend der Laufzeit des Coaching-, Trainings-, Workshops- oder Beratungsvertrages mit der Marke treat sowie f\u00fcr einen Zeitraum von 24 Monaten danach keine Mitarbeiter:innen der Marke treat, die mit der Erarbeitung des vertragsgegenst\u00e4ndlichen Projektes betreut waren, einzustellen oder in sonstiger Weise zu besch\u00e4ftigen oder ihnen derartige Angebote zu unterbreiten.<\/p>\n<p style=\"font-weight: 400;\"><span style=\"text-decoration: underline;\">IX. Verg\u00fctung <\/span><\/p>\n<p style=\"font-weight: 400;\">Soweit ein Festhonorar nicht vereinbart ist, wird auf der Grundlage der aktuell g\u00fcltigen Tagess\u00e4tze der Marke treat nach tats\u00e4chlichem Aufwand abgerechnet. S\u00e4mtliche mit der Durchf\u00fchrung des Auftrages verbundenen Auslagen tr\u00e4gt die Kund:in. F\u00fcr Tagesspesen und Fahrten mit dem PKW gelten die Preise gem\u00e4\u00df der jeweils g\u00fcltigen Preisliste der Marke treat. Die vereinbarten Preise verstehen sich jeweils zuz\u00fcglich gesetzlicher Umsatzsteuer. Rechnungen sind sofort nach Erhalt ohne Abzug zahlbar. Die Aufrechnung mit Gegenanspr\u00fcchen oder die Geltendmachung eines Zur\u00fcckbehaltungsrechtes sind nur zul\u00e4ssig, wenn die Anspr\u00fcche der Kund:in nicht bestritten werden oder rechtskr\u00e4ftig festgestellt sind.<\/p>\n<p style=\"font-weight: 400;\"><span style=\"text-decoration: underline;\">X. Fremdkosten <\/span><\/p>\n<p style=\"font-weight: 400;\">Fremd- und Nebenkosten, wie die Kosten f\u00fcr die Einschaltung von sachverst\u00e4ndigen Dritten sowie Aufwendungen f\u00fcr Telefon, Telefax, Kurier:in u. \u00e4., sind der Marke treat gegen Nachweis gesondert zu verg\u00fcten, wenn nicht eine Pauschalvereinbarung getroffen wurde. Die Marke treat ist berechtigt, alle zur Auftragserf\u00fcllung erforderlichen Fremdleistungen im Namen und f\u00fcr Rechnung der Kund:in zu vergeben.<\/p>\n<p style=\"font-weight: 400;\"><span style=\"text-decoration: underline;\">XI. Sicherung der Leistung <\/span><\/p>\n<p style=\"font-weight: 400;\">Die beauftragten Leistungen k\u00f6nnen nicht storniert werden. Feste Termine zur Durchf\u00fchrung der beauftragten Leistung m\u00fcssen innerhalb eines Zeitraums von 12 Monaten nach Auftragserteilung vereinbart und durchgef\u00fchrt werden. Kommt die Kund:in dieser Verpflichtung nicht oder nicht fristgem\u00e4\u00df nach, wird ihm\/ihr 100% des Honorars in Rechnung gestellt. Kann ein vereinbarter Termin zur Erbringung der Leistung durch die Marke treat wegen h\u00f6herer Gewalt, Krankheit, Unfall oder sonstigen von der Marke treat nicht zu vertretenden Umst\u00e4nden eingehalten werden, ist die Marke treat unter Ausschluss jeglicher Schadensersatzpflichten berechtigt, die Dienstleistungen an einem neu zu vereinbarenden Termin nachzuholen oder diese durch andere Mitarbeiter:innen zu erbringen. Wenn die Auftraggeber:in einen fest vereinbarten Termin nicht einhalten kann oder mit der Annahme der Dienste in Verzug kommt, so gilt folgende Regelung f\u00fcr Workshop- Trainings- und Beratungstermine: Bei einer Verschiebung oder Stornierung 3 Wochen vor dem vereinbarten Termin zur Durchf\u00fchrung der Dienstleistung werden 50 %, danach 100 % des Honorars zuz\u00fcglich eventuell anfallender Fremdkosten als Ausfallhonorar in Rechnung gestellt. Bei Einzelcoachingterminen gilt folgende Regelung: Bei einer Verschiebung oder Stornierung 3 Arbeitstage (Samstage werden nicht als Arbeitstage gez\u00e4hlt) vor dem vereinbarten Termin zur Durchf\u00fchrung der Dienstleistung werden 50 %, danach 100 % des Honorars zuz\u00fcglich eventuell anfallender Fremdkosten als Ausfallhonorar in Rechnung gestellt.<br>Verschiebungs- oder Stornierungsgesuche m\u00fcssen schriftlich erfolgen.<\/p>\n<p style=\"font-weight: 400;\"><u>XII. Haftung<\/u><\/p>\n<p style=\"font-weight: 400;\">F\u00fcr Sch\u00e4den aller Art, welche vors\u00e4tzlich oder grob fahrl\u00e4ssig, in F\u00e4llen der Verletzung des Lebens, des K\u00f6rpers oder der Gesundheit auch einfach fahrl\u00e4ssig, durch die Auftraggeber:in herbeigef\u00fchrt werden, haftet diese:r unbeschr\u00e4nkt. Bei der einfach fahrl\u00e4ssigen Verletzung einer Pflicht, deren Einhaltung f\u00fcr das Erreichen des Vertragszwecks von erkennbar besonderer Bedeutung ist, wird die Haftung von der Marke treat auf die vertragstypisch vorhersehbaren unmittelbaren Sch\u00e4den beschr\u00e4nkt. In diesen F\u00e4llen ist die Haftung von der Marke treat, gleich aus welchem Rechtsgrund, zudem pro Schadensfall und Jahr auf die H\u00f6he der Auftragssumme begrenzt. Als Schadensfall ist die Summe der Anspr\u00fcche aller Anspruchsberechtigter zu verstehen, die sich aus einer einheitlichen Leistung ergeben. Im \u00dcbrigen ist die Haftung f\u00fcr einfach fahrl\u00e4ssig verursachte Sch\u00e4den ausgeschlossen. Die Pr\u00fcfung von Rechtsfragen, insbesondere aus dem Bereich des Urheber-, Wettbewerbs- und Markenrechts, ist nicht Aufgabe der Marke treat. Die Marke treat haftet deshalb nicht f\u00fcr die rechtliche Zul\u00e4ssigkeit des Inhalts und\/oder der Gestaltung der Arbeitsergebnisse. Wird die Marke treat von Dritten aufgrund der Gestaltung und\/oder des Inhalts des Arbeitsergebnisses auf Unterlassung oder Schadensersatz u.\u00e4. in Anspruch genommen, stellt der Auftraggeber die Marke treat von der Haftung frei.<\/p>\n<p style=\"font-weight: 400;\"><u>XIII. Datenschutz <\/u><\/p>\n<p style=\"font-weight: 400;\">Im Sinne der Bestimmungen des Bundesdatenschutzgesetzes weisen wir darauf hin, dass die Speicherung und Nutzung von personenbezogenen Daten ausschlie\u00dflich zu dem Zweck der Durchf\u00fchrung des Vertragsverh\u00e4ltnisses sowie dessen Abrechnung erfolgt. Prospekte, Programme und Seminarinformationen \u00fcbersenden wir Kunden nur nach ausdr\u00fccklicher Einwilligung.<\/p>\n<p style=\"font-weight: 400;\"><u>XIV. Erkl\u00e4rung zur Distanzierung von Scientology<\/u><\/p>\n<p style=\"font-weight: 400;\">Die Marke treat erkl\u00e4rt hiermit, dass weder Mitarbeitende bzw. das Unternehmen oder beauftragte Referenten und Lehr-Coaches nach der Technologie von L. Ron Hubbard arbeiten und dass die Technologie von L. Ron Hubbard zur F\u00fchrung des Unternehmens und f\u00fcr die Aus\u00fcbung der Coachingt\u00e4tigkeit abgelehnt wird.<\/p>\n<p style=\"font-weight: 400;\"><span style=\"text-decoration: underline;\">XV. Schlussbestimmungen<\/span><\/p>\n<p style=\"font-weight: 400;\">Erf\u00fcllungsort f\u00fcr Lieferung und Zahlung sowie Gerichtsstand f\u00fcr alle Streitigkeiten zwischen den Vertragsparteien ist Hamburg, soweit die Auftraggeber:in Kaufmann\/Kauffrau, juristische Person des \u00f6ffentlichen Rechts oder \u00f6ffentlich-rechtliches Sonderverm\u00f6gen ist. Der Gerichtsstand gilt auch f\u00fcr andere als die eben genannten Personen, wenn die Auftraggeber:in keinen allgemeinen Gerichtsstand im Inland hat, sofort nach Vertragsabschluss seinen Wohn- und\/oder Gesch\u00e4ftssitz aus dem Inland verlegt oder sein Wohn- und\/oder Gesch\u00e4ftssitz oder gew\u00f6hnlicher Aufenthalt zum Zeitpunkt der Klageerhebung nicht bekannt ist. Die Unwirksamkeit einzelner Bedingungen ber\u00fchrt die Wirksamkeit des Vertrages im \u00dcbrigen nicht. Eine unwirksame Klausel ist durch erg\u00e4nzende Vertragsauslegung zu ersetzen. Soweit nichts anderes vereinbart ist, ist auch auf Vertragsverh\u00e4ltnisse mit ausl\u00e4ndischen Auftraggeber:innen deutsches Recht anwendbar.<\/p>\n<p style=\"font-weight: 400;\"><em>Stand: 07\/2023<\/em><\/p>\t\t\t\t\t\t\t\t<\/div>\n\t\t\t\t<\/div>\n\t\t\t\t\t<\/div>\n\t\t<\/div>\n\t\t\t\t\t<\/div>\n\t\t<\/section>\n\t\t\t\t<\/div>","protected":false},"excerpt":{"rendered":"<p>Allgemeine Gesch\u00e4ftsbedingungen I. Gegenstand und Geltungsbereich Die nachfolgenden Allgemeinen Gesch\u00e4ftsbedingungen (AGB) finden auf s\u00e4mtliche Coaching-, Trainings-, Workshop- und Beratungsvertr\u00e4ge sowie sonstige Dienstleistungen von der Marke treat Anwendung. Diese AGB sind Bestandteil jedes abgeschlossenen Vertrages, soweit nicht im Einzelnen Abweichendes vereinbart ist. Sie gelten auch f\u00fcr die zuk\u00fcnftigen Gesch\u00e4ftsbeziehungen mit den Kund:innen, ohne dass ihre erneute &hellip;<\/p>\n<p class=\"read-more\"> <a class=\"\" href=\"https:\/\/treatubetter.com\/en\/agb\/\"> <span class=\"screen-reader-text\">terms and conditions<\/span> Read More \u00bb<\/a><\/p>","protected":false},"author":2,"featured_media":0,"parent":0,"menu_order":0,"comment_status":"closed","ping_status":"closed","template":"","meta":{"site-sidebar-layout":"default","site-content-layout":"default","ast-main-header-display":"","ast-hfb-above-header-display":"","ast-hfb-below-header-display":"","ast-hfb-mobile-header-display":"","site-post-title":"","ast-breadcrumbs-content":"","ast-featured-img":"","footer-sml-layout":"","theme-transparent-header-meta":"default","adv-header-id-meta":"","stick-header-meta":"default","header-above-stick-meta":"","header-main-stick-meta":"","header-below-stick-meta":"","footnotes":""},"class_list":["post-2725","page","type-page","status-publish","hentry"],"_links":{"self":[{"href":"https:\/\/treatubetter.com\/en\/wp-json\/wp\/v2\/pages\/2725","targetHints":{"allow":["GET"]}}],"collection":[{"href":"https:\/\/treatubetter.com\/en\/wp-json\/wp\/v2\/pages"}],"about":[{"href":"https:\/\/treatubetter.com\/en\/wp-json\/wp\/v2\/types\/page"}],"author":[{"embeddable":true,"href":"https:\/\/treatubetter.com\/en\/wp-json\/wp\/v2\/users\/2"}],"replies":[{"embeddable":true,"href":"https:\/\/treatubetter.com\/en\/wp-json\/wp\/v2\/comments?post=2725"}],"version-history":[{"count":38,"href":"https:\/\/treatubetter.com\/en\/wp-json\/wp\/v2\/pages\/2725\/revisions"}],"predecessor-version":[{"id":3437,"href":"https:\/\/treatubetter.com\/en\/wp-json\/wp\/v2\/pages\/2725\/revisions\/3437"}],"wp:attachment":[{"href":"https:\/\/treatubetter.com\/en\/wp-json\/wp\/v2\/media?parent=2725"}],"curies":[{"name":"wp","href":"https:\/\/api.w.org\/{rel}","templated":true}]}}